{"id":145,"date":"2015-09-10T11:02:20","date_gmt":"2015-09-10T11:02:20","guid":{"rendered":"http:\/\/sepia.pro\/wp\/?page_id=145"},"modified":"2015-12-11T12:06:20","modified_gmt":"2015-12-11T12:06:20","slug":"sepia-storitve","status":"publish","type":"page","link":"http:\/\/sepia.pro\/wp\/sepia-storitve\/","title":{"rendered":"storitve"},"content":{"rendered":"<div class=\"fusion-content-boxes content-boxes columns fusion-columns-5 fusion-content-boxes-1 content-boxes-icon-boxed row content-left\"><div class=\"fusion-column content-box-column col-lg-2 col-md-2 col-sm-2\"><div class=\"col content-wrapper-background content-wrapper-boxed\" style=\"background-color:#ffffff;\"><div class=\"heading heading-with-icon icon-left icon-small\"><a class=\"heading-link\" href=\"http:\/\/sepia.pro\/wp\/\" target=\"_self\"><div style=\"margin-left:-17.5px;top:-67.5px;\" class=\"image\"><img src=\"http:\/\/sepia.pro\/wp\/wp-content\/uploads\/2015\/03\/krog-mali.png\" width=\"35\" height=\"35\" alt=\"\" \/><\/div><h2 class=\"content-box-heading\">koncept<\/h2><\/a><\/div><div class=\"fusion-clearfix\"><\/div><div class=\"content-container icon-small\"> <\/div><\/div><\/div><div class=\"fusion-column content-box-column col-lg-2 col-md-2 col-sm-2\"><div class=\"col content-wrapper content-wrapper-boxed\"><div class=\"heading heading-with-icon icon-left icon-small\"><a class=\"heading-link\" href=\"http:\/\/sepia.pro\/wp\/sepia-storitve\/\" target=\"_self\"><div style=\"margin-left:-17.5px;top:-67.5px;\" class=\"image\"><img src=\"http:\/\/sepia.pro\/wp\/wp-content\/uploads\/2015\/03\/krog-mali.png\" width=\"35\" height=\"35\" alt=\"\" \/><\/div><h2 class=\"content-box-heading\">storitve<\/h2><\/a><\/div><div class=\"fusion-clearfix\"><\/div><div class=\"content-container icon-small\"> <\/div><\/div><\/div><div class=\"fusion-column content-box-column col-lg-2 col-md-2 col-sm-2\"><div class=\"col content-wrapper content-wrapper-boxed\"><div class=\"heading heading-with-icon icon-left icon-small\"><a class=\"heading-link\" href=\"http:\/\/sepia.pro\/wp\/sepia-zaposleni\/\" target=\"_self\"><div style=\"margin-left:-17.5px;top:-67.5px;\" class=\"image\"><img src=\"http:\/\/sepia.pro\/wp\/wp-content\/uploads\/2015\/03\/krog-mali.png\" width=\"35\" height=\"35\" alt=\"\" \/><\/div><h2 class=\"content-box-heading\">zaposleni<\/h2><\/a><\/div><div class=\"fusion-clearfix\"><\/div><div class=\"content-container icon-small\"> <\/div><\/div><\/div><div class=\"fusion-column content-box-column col-lg-2 col-md-2 col-sm-2\"><div class=\"col content-wrapper content-wrapper-boxed\"><div class=\"heading heading-with-icon icon-left icon-small\"><a class=\"heading-link\" href=\"http:\/\/sepia.pro\/wp\/sepia-ordinacija\/\" target=\"_self\"><div style=\"margin-left:-17.5px;top:-67.5px;\" class=\"image\"><img src=\"http:\/\/sepia.pro\/wp\/wp-content\/uploads\/2015\/03\/krog-mali.png\" width=\"35\" height=\"35\" alt=\"\" \/><\/div><h2 class=\"content-box-heading\">ordinacija<\/h2><\/a><\/div><div class=\"fusion-clearfix\"><\/div><div class=\"content-container icon-small\"> <\/div><\/div><\/div><div class=\"fusion-column content-box-column col-lg-2 col-md-2 col-sm-2\"><div class=\"col content-wrapper content-wrapper-boxed\"><div class=\"heading heading-with-icon icon-left icon-small\"><a class=\"heading-link\" href=\"http:\/\/sepia.pro\/wp\/sepia-kontakt\/\" target=\"_self\"><div style=\"margin-left:-17.5px;top:-67.5px;\" class=\"image\"><img src=\"http:\/\/sepia.pro\/wp\/wp-content\/uploads\/2015\/03\/krog-mali.png\" width=\"35\" height=\"35\" alt=\"\" \/><\/div><h2 class=\"content-box-heading\">kontakt<\/h2><\/a><\/div><div class=\"fusion-clearfix\"><\/div><div class=\"content-container icon-small\"> <\/div><\/div><\/div><div class=\"fusion-clearfix\"><\/div><div class=\"fusion-clearfix\"><\/div><\/div><div class=\"fusion-sep-clear\"><\/div><div class=\"fusion-separator fusion-full-width-sep sep-single\" style=\"border-color:#dd8833;margin-top:0px;max-width:100%;\"><\/div><div class=\"fusion-three-fifth fusion-layout-column fusion-column spacing-yes\"><div class=\"fusion-column-wrapper\">\n<h4 style=\"text-align: justify;\"><b>Preventiva in ustna higiena<\/b><\/h4>\n<p style=\"text-align: justify;\">Za ohranjanje zdravih zob je potrebna dobra ustna higiena. To je mogo\u010de le, \u010de v ustih ni zobnega kamna in oblog, ki so goji\u0161\u010de bakterij. Zato moramo pred vsakim posegom odstraniti zobni kamen in mehke zobne obloge ter vzpostaviti \u010diste in gladke povr\u0161ine. S tem omogo\u010dimo pacientu, da lahko zobe dobro o\u010disti in sam skrbi za to, da zobna in obzobna tkiva ostanejo zdrava.<\/p>\n<p style=\"text-align: justify;\">Pred za\u010detkom proteti\u010dne terapije je pomembno, da zagotovimo zdrava obzobna tkiva, ker brez tega ne moremo pri\u010dakovati dobrega klini\u010dnega in estetskega rezultata. V strokovni literaturi imamo znanstveno podprte podatke, s katerimi je dokazano, da lahko le z dobro in natan\u010dno ustno higieno zagotovimo dolgoro\u010dno uspe\u0161nost proteti\u010dnega zdravljenja ter ohranjamo estetski in zdrav odnos zobnih in obzobnih tkiv do proteti\u010dnih izdelkov.<\/p>\n<\/div><\/div><div class=\"fusion-two-fifth fusion-layout-column fusion-column last last spacing-yes\"><div class=\"fusion-column-wrapper\" style=\"padding:20;\"><span class=\"fusion-imageframe imageframe imageframe-none imageframe-1\"> <img alt=\"\" class=\"img-responsive\" \/><\/span><\/div><\/div><div class=\"fusion-clearfix\"><\/div><div class=\"fusion-sep-clear\"><\/div><div class=\"fusion-separator fusion-full-width-sep sep-single\" style=\"border-color:#dd8d16;margin-top:px;\"><\/div><div class=\"fusion-three-fifth fusion-layout-column fusion-column spacing-yes\"><div class=\"fusion-column-wrapper\">\n<h4 style=\"text-align: justify;\"><b>Estetika<\/b><\/h4>\n<p style=\"text-align: justify;\">Sodobni tehnolo\u0161ko dovr\u0161eni polnokerami\u010dni materiali za izdelavo estetskih lusk (porcelain\u00a0 veneers), polnokerami\u010dnih prevlek in porcelanskih mosti\u010dev nam omogo\u010dajo izdelavo proteti\u010dnih nadomestkov, ki se ne razlikujejo od sosednjih naravnih zob. Po natan\u010dnem pregledu se vsakemu pacientu individualno posvetimo in zanj poi\u0161\u010demo najbolj\u0161o re\u0161itev glede na njegovo fizionomijo, obliko obraza in nasmeha. Z natan\u010dnim klini\u010dnim delom (delo s teleskopskimi lupami pod pove\u010davo) in delom vrhunskega zobnega tehnika naredimo proteti\u010dni izdelek naravnega izgleda, ki se ne lo\u010di od naravnih zob.<\/p>\n<\/div><\/div><div class=\"fusion-two-fifth fusion-layout-column fusion-column last last spacing-yes\"><div class=\"fusion-column-wrapper\" style=\"padding:20;\"><span class=\"fusion-imageframe imageframe imageframe-none imageframe-2\"> <img alt=\"\" class=\"img-responsive\" \/><\/span><\/div><\/div><div class=\"fusion-clearfix\"><\/div><div class=\"fusion-sep-clear\"><\/div><div class=\"fusion-separator fusion-full-width-sep sep-single\" style=\"border-color:#dd8d16;margin-top:px;\"><\/div><div class=\"fusion-three-fifth fusion-layout-column fusion-column spacing-yes\"><div class=\"fusion-column-wrapper\">\n<h4 style=\"text-align: justify;\"><b>Estetske kompozitne plombe<\/b><\/h4>\n<p style=\"text-align: justify;\">Sodobni polnilni materiali, ki posnemajo naravno barvo zoba (t.i. kompoziti), nam omogo\u010dajo, da zaradi adhezijske vezave na povr\u0161ino dentina in sklenine lahko skoraj brez vrtanja popravimo manj\u0161e zobne defekte. Zaradi njihovih dobrih mehanskih lastnosti lahko z njimi dogradimo tudi ve\u010dje dele manjkajo\u010dih ali kariozno spremenjenih trdih zobnih tkiv v barvi zdrave zobne sklenine ali dentina. Z natan\u010dnim merjenjem in izbiro barve kompozitnega materiala dogradimo manjkajo\u010de dele zoba v tankih plasteh razli\u010dnih barv, kot je to pri naravnem zobu.<\/p>\n<\/div><\/div><div class=\"fusion-two-fifth fusion-layout-column fusion-column last last spacing-yes\"><div class=\"fusion-column-wrapper\"><\/div><\/div><div class=\"fusion-clearfix\"><\/div><div class=\"fusion-sep-clear\"><\/div><div class=\"fusion-separator fusion-full-width-sep sep-single\" style=\"border-color:#dd8d16;margin-top:px;\"><\/div><div class=\"fusion-three-fifth fusion-layout-column fusion-column spacing-yes\"><div class=\"fusion-column-wrapper\">\n<h4 style=\"text-align: justify;\"><b>Implantolo\u0161ko-proteti\u010dna oskrba<\/b><\/h4>\n<p style=\"text-align: justify;\">V sodelovanju z izku\u0161enim timom kirurgov in sodobno implantolo\u0161ko tehniko lahko dose\u017eemo odli\u010dne klini\u010dne rezultate s hitrim celjenjem in brez huj\u0161ih bole\u010din po posegu. Pred posegom je potreben natan\u010den pregled pri nas in pri kirurgu za pripravo podrobnega na\u010drta implantatno-proteti\u010dne rehabilitacije glede na individualne anatomske pogoje in zna\u010dilnosti pacienta.<\/p>\n<p style=\"text-align: justify;\">S posameznim zobnim vsadkom nadomestimo manjkajo\u010di zob ter izdelamo neprekinjeno zobno vrsto in popolno okluzijo brez bru\u0161enja sosednjih zdravih zob. S proteti\u010dno konstrukcijo na ve\u010dih zobnih vsadkih lahko premostimo tudi ve\u010dje vrzeli v \u010deljusti in s tem omogo\u010dimo celostno estetsko in funkcionalno rehabilitacijo pacienta, ki mu manjka ve\u010dje \u0161tevilo zob.<\/p>\n<\/div><\/div><div class=\"fusion-two-fifth fusion-layout-column fusion-column last last spacing-yes\"><div class=\"fusion-column-wrapper\"><\/div><\/div><div class=\"fusion-clearfix\"><\/div><div class=\"fusion-sep-clear\"><\/div><div class=\"fusion-separator fusion-full-width-sep sep-single\" style=\"border-color:#dd8d16;margin-top:px;\"><\/div><div class=\"fusion-three-fifth fusion-layout-column fusion-column spacing-yes\"><div class=\"fusion-column-wrapper\">\n<h4 style=\"text-align: justify;\"><b>Beljenje<\/b><\/h4>\n<p style=\"text-align: justify;\">V zadnjih letih je vse ve\u010d ljudi, ki si \u017eelijo lepe, pravilno oblikovane in izredno bele zobe. Pri zdravih zobeh to dose\u017eemo le z beljenjem zobne povr\u0161ine. Po beljenju lahko zobje postanejo bolj ob\u010dutljivi na termi\u010dne dra\u017eljaje, vendar je to le za\u010dasen pojav. Znanstveno je dokazano, da beljenje ne po\u0161koduje zdrave sklenine, saj s posebnimi belilnimi nanosi spremenimo le lomni koli\u010dnik svetlobe na povr\u0161inski plasti zobne povr\u0161ine in zato zobje izgledajo bolj beli.<\/p>\n<\/div><\/div><div class=\"fusion-two-fifth fusion-layout-column fusion-column last last spacing-yes\"><div class=\"fusion-column-wrapper\"><\/div><\/div><div class=\"fusion-clearfix\"><\/div><div class=\"fusion-sep-clear\"><\/div><div class=\"fusion-separator fusion-full-width-sep sep-single\" style=\"border-color:#dd8d16;margin-top:px;\"><\/div><div class=\"fusion-three-fifth fusion-layout-column fusion-column spacing-yes\"><div class=\"fusion-column-wrapper\">\n<h4 style=\"text-align: justify;\"><b>Endodontija<\/b><\/h4>\n<p style=\"text-align: justify;\">Endodontija nam omogo\u010da zdravljenje in ohranitev zoba, kadar pride do okvare zobne pulpe zaradi kariesa, infekcije ali po\u0161kodbe. Z modernimi postopki preparacije koreninskega kanala in dezinfekcije pozdravimo zobno korenino in jo endodontsko oskrbimo. Za tem manjkajo\u010de dele zoba s konservativnimi ali proteti\u010dnimi posegi estetsko in funkcionalno dogradimo in tako obnovimo zob.<\/p>\n<\/div><\/div><div class=\"fusion-two-fifth fusion-layout-column fusion-column last last spacing-yes\"><div class=\"fusion-column-wrapper\"><\/div><\/div><div class=\"fusion-clearfix\"><\/div>\n","protected":false},"excerpt":{"rendered":"","protected":false},"author":1,"featured_media":0,"parent":0,"menu_order":0,"comment_status":"open","ping_status":"open","template":"","meta":[],"_links":{"self":[{"href":"http:\/\/sepia.pro\/wp\/wp-json\/wp\/v2\/pages\/145"}],"collection":[{"href":"http:\/\/sepia.pro\/wp\/wp-json\/wp\/v2\/pages"}],"about":[{"href":"http:\/\/sepia.pro\/wp\/wp-json\/wp\/v2\/types\/page"}],"author":[{"embeddable":true,"href":"http:\/\/sepia.pro\/wp\/wp-json\/wp\/v2\/users\/1"}],"replies":[{"embeddable":true,"href":"http:\/\/sepia.pro\/wp\/wp-json\/wp\/v2\/comments?post=145"}],"version-history":[{"count":9,"href":"http:\/\/sepia.pro\/wp\/wp-json\/wp\/v2\/pages\/145\/revisions"}],"predecessor-version":[{"id":216,"href":"http:\/\/sepia.pro\/wp\/wp-json\/wp\/v2\/pages\/145\/revisions\/216"}],"wp:attachment":[{"href":"http:\/\/sepia.pro\/wp\/wp-json\/wp\/v2\/media?parent=145"}],"curies":[{"name":"wp","href":"https:\/\/api.w.org\/{rel}","templated":true}]}}