{"id":138,"date":"2015-09-10T10:48:51","date_gmt":"2015-09-10T10:48:51","guid":{"rendered":"http:\/\/sepia.pro\/wp\/?page_id=138"},"modified":"2026-01-16T08:17:00","modified_gmt":"2026-01-16T08:17:00","slug":"sepia-zaposleni","status":"publish","type":"page","link":"http:\/\/sepia.pro\/wp\/sepia-zaposleni\/","title":{"rendered":"zaposleni"},"content":{"rendered":"<div class=\"fusion-content-boxes content-boxes columns fusion-columns-5 fusion-content-boxes-1 content-boxes-icon-boxed row content-left\"><div class=\"fusion-column content-box-column col-lg-2 col-md-2 col-sm-2\"><div class=\"col content-wrapper-background content-wrapper-boxed\" style=\"background-color:#ffffff;\"><div class=\"heading heading-with-icon icon-left icon-small\"><a class=\"heading-link\" href=\"http:\/\/sepia.pro\/wp\/\" target=\"_self\"><div style=\"margin-left:-17.5px;top:-67.5px;\" class=\"image\"><img src=\"http:\/\/sepia.pro\/wp\/wp-content\/uploads\/2015\/03\/krog-mali.png\" width=\"35\" height=\"35\" alt=\"\" \/><\/div><h2 class=\"content-box-heading\">koncept<\/h2><\/a><\/div><div class=\"fusion-clearfix\"><\/div><div class=\"content-container icon-small\"> <\/div><\/div><\/div><div class=\"fusion-column content-box-column col-lg-2 col-md-2 col-sm-2\"><div class=\"col content-wrapper content-wrapper-boxed\"><div class=\"heading heading-with-icon icon-left icon-small\"><a class=\"heading-link\" href=\"http:\/\/sepia.pro\/wp\/sepia-storitve\/\" target=\"_self\"><div style=\"margin-left:-17.5px;top:-67.5px;\" class=\"image\"><img src=\"http:\/\/sepia.pro\/wp\/wp-content\/uploads\/2015\/03\/krog-mali.png\" width=\"35\" height=\"35\" alt=\"\" \/><\/div><h2 class=\"content-box-heading\">storitve<\/h2><\/a><\/div><div class=\"fusion-clearfix\"><\/div><div class=\"content-container icon-small\"> <\/div><\/div><\/div><div class=\"fusion-column content-box-column col-lg-2 col-md-2 col-sm-2\"><div class=\"col content-wrapper content-wrapper-boxed\"><div class=\"heading heading-with-icon icon-left icon-small\"><a class=\"heading-link\" href=\"http:\/\/sepia.pro\/wp\/sepia-zaposleni\/\" target=\"_self\"><div style=\"margin-left:-17.5px;top:-67.5px;\" class=\"image\"><img src=\"http:\/\/sepia.pro\/wp\/wp-content\/uploads\/2015\/03\/krog-mali.png\" width=\"35\" height=\"35\" alt=\"\" \/><\/div><h2 class=\"content-box-heading\">zaposleni<\/h2><\/a><\/div><div class=\"fusion-clearfix\"><\/div><div class=\"content-container icon-small\"> <\/div><\/div><\/div><div class=\"fusion-column content-box-column col-lg-2 col-md-2 col-sm-2\"><div class=\"col content-wrapper content-wrapper-boxed\"><div class=\"heading heading-with-icon icon-left icon-small\"><a class=\"heading-link\" href=\"http:\/\/sepia.pro\/wp\/sepia-ordinacija\/\" target=\"_self\"><div style=\"margin-left:-17.5px;top:-67.5px;\" class=\"image\"><img src=\"http:\/\/sepia.pro\/wp\/wp-content\/uploads\/2015\/03\/krog-mali.png\" width=\"35\" height=\"35\" alt=\"\" \/><\/div><h2 class=\"content-box-heading\">ordinacija<\/h2><\/a><\/div><div class=\"fusion-clearfix\"><\/div><div class=\"content-container icon-small\"> <\/div><\/div><\/div><div class=\"fusion-column content-box-column col-lg-2 col-md-2 col-sm-2\"><div class=\"col content-wrapper content-wrapper-boxed\"><div class=\"heading heading-with-icon icon-left icon-small\"><a class=\"heading-link\" href=\"http:\/\/sepia.pro\/wp\/sepia-kontakt\/\" target=\"_self\"><div style=\"margin-left:-17.5px;top:-67.5px;\" class=\"image\"><img src=\"http:\/\/sepia.pro\/wp\/wp-content\/uploads\/2015\/03\/krog-mali.png\" width=\"35\" height=\"35\" alt=\"\" \/><\/div><h2 class=\"content-box-heading\">kontakt<\/h2><\/a><\/div><div class=\"fusion-clearfix\"><\/div><div class=\"content-container icon-small\"> <\/div><\/div><\/div><div class=\"fusion-clearfix\"><\/div><div class=\"fusion-clearfix\"><\/div><\/div><div class=\"fusion-sep-clear\"><\/div><div class=\"fusion-separator fusion-full-width-sep sep-single\" style=\"border-color:#dd8833;margin-top:0px;max-width:100%;\"><\/div>\n<h4><b>dr. sc. Du\u0161an \u0160u\u0161ter\u010di\u010d, dr.dent.med.<\/b><\/h4>\n<p>doktor dentalne medicine,<br \/>\nspecialist stomatolo\u0161ke protetike,<br \/>\nmagister znanosti s podro\u010dja stomatolo\u0161ke protetike,<br \/>\ndoktor znanosti s podro\u010dja stomatolo\u0161kih ved,<br \/>\ndocent na Medicinski fakulteti v Ljubljani<\/p>\n<p style=\"text-align: justify;\">Na Medicinski fakulteti v Ljubljani je diplomiral leta 1990. \u017de med\u00a0 enoletnim pripravni\u0161tvom se je zaposlil kot mladi raziskovalec na Stomatolo\u0161ki kliniki Klini\u010dnega centra v Ljubljani in delal na Centru za stomatolo\u0161ke raziskave na Institutu Jo\u017eef Stefan v Ljubljani. Po zagovoru magistrske naloge (1994) s podro\u010dja dentalnih materialov se je zaposlil kot asistent na Katedri za stomatolo\u0161ko protetiko na Medicinski fakulteti Univerze v Ljubljani. Raziskovalno je delal na podro\u010dju\u00a0 uporabe laserjev v stomatologiji in leta 2003 zagovorjal doktorsko disertacijo z naslovom U\u010dinek erbijevega laserja na zobno sklenino in dentin, s katero je postal doktor znanosti stomatolo\u0161kih ved. Z dolgoletnim strokovnim delom na Stomatolo\u0161ki kliniki Klini\u010dnega centra in uspe\u0161no zaklju\u010denim specialisti\u010dnim izpitom (2006) je postal specialist stomatolo\u0161ke protetike. V tem \u010dasu je objavil ve\u010d \u010dlankov v doma\u010di in tuji strokovni literaturi in predaval na simpozijih doma in po svetu (Kolding na Danskem, Budimpe\u0161ta, Lille, Madrid, Singapur, Lion, Kuala Lumpur, Bangkok, Atene &#8230;). Za uspe\u0161no pedago\u0161ko delo in delo s \u0161tudenti je leta 2008 prejel Lavri\u010devo priznanje.<\/p>\n<p style=\"text-align: justify;\">Dr. Du\u0161an \u0160u\u0161ter\u010di\u010d, dr. dent. med.\u00a0 je izku\u0161en specialist stomatolo\u0161ke protetike in proteti\u010dne implantologije in je bil habilitiran predavatelj na Medicinski fakulteti v Ljubljani, Odsek za dentalno medicino.<\/p>\n<div class=\"fusion-sep-clear\"><\/div><div class=\"fusion-separator fusion-full-width-sep sep-single\" style=\"border-color:#dd8c11;margin-top:px;\"><\/div>\n<h4><b>Kristijan \u0160u\u0161ter\u010di\u010d, dr.dent.med.<\/b><\/h4>\n<p>doktor dentalne medicine<\/p>\n<p>Na Medicinski fakulteti v Ljubljani smer Dentalna medicina je diplomiral leta 2020. Pripravni\u0161tvo na Univerzitetni stomatolo\u0161ki kliniki v Ljubljani in v Zdravstvenem domu Ljubljana je zaklju\u010dil leta 2022. Od takrat je bil zaposlen pri nas, v letu 2024 pa je za\u010del s specializacijo iz \u010deljustne in zobne ortopedije v Zavodu Orthos v Ljubljani, kjer je sedaj zaposlen.<\/p>\n<div class=\"fusion-sep-clear\"><\/div><div class=\"fusion-separator fusion-full-width-sep sep-single\" style=\"border-color:#dd8c11;margin-top:px;\"><\/div>\n<h4><b>Sonja Pipan<\/b><\/h4>\n<p>administrator<\/p>\n<p>Natan\u010dna in skrbna sodelavka, ki pri nas skrbi za strokovno asistenco in nemoten potek dela v ordinaciji. S svojim prijaznim in vestnim pristopom pri klini\u010dnem delu pomaga nam in pacientom. Je nepogre\u0161ljiv del na\u0161ega tima.<\/p>\n<div class=\"fusion-sep-clear\"><\/div><div class=\"fusion-separator fusion-full-width-sep sep-single\" style=\"border-color:#dd8c11;margin-top:px;\"><\/div>\n","protected":false},"excerpt":{"rendered":"","protected":false},"author":1,"featured_media":0,"parent":0,"menu_order":0,"comment_status":"open","ping_status":"open","template":"","meta":[],"_links":{"self":[{"href":"http:\/\/sepia.pro\/wp\/wp-json\/wp\/v2\/pages\/138"}],"collection":[{"href":"http:\/\/sepia.pro\/wp\/wp-json\/wp\/v2\/pages"}],"about":[{"href":"http:\/\/sepia.pro\/wp\/wp-json\/wp\/v2\/types\/page"}],"author":[{"embeddable":true,"href":"http:\/\/sepia.pro\/wp\/wp-json\/wp\/v2\/users\/1"}],"replies":[{"embeddable":true,"href":"http:\/\/sepia.pro\/wp\/wp-json\/wp\/v2\/comments?post=138"}],"version-history":[{"count":20,"href":"http:\/\/sepia.pro\/wp\/wp-json\/wp\/v2\/pages\/138\/revisions"}],"predecessor-version":[{"id":503,"href":"http:\/\/sepia.pro\/wp\/wp-json\/wp\/v2\/pages\/138\/revisions\/503"}],"wp:attachment":[{"href":"http:\/\/sepia.pro\/wp\/wp-json\/wp\/v2\/media?parent=138"}],"curies":[{"name":"wp","href":"https:\/\/api.w.org\/{rel}","templated":true}]}}